{"id":572,"date":"2023-03-04T01:53:51","date_gmt":"2023-03-04T00:53:51","guid":{"rendered":"https:\/\/gt-c.pl\/?page_id=572"},"modified":"2024-08-23T11:45:20","modified_gmt":"2024-08-23T09:45:20","slug":"budownictwo-przemyslowe","status":"publish","type":"page","link":"https:\/\/gt-c.pl\/gtc2021\/oferta\/budownictwo-przemyslowe\/","title":{"rendered":"Budownictwo przemys\u0142owe LP"},"content":{"rendered":"","protected":false},"excerpt":{"rendered":"","protected":false},"author":1,"featured_media":0,"parent":12,"menu_order":0,"comment_status":"closed","ping_status":"closed","template":"","meta":{"footnotes":""},"class_list":["post-572","page","type-page","status-publish","hentry"],"yoast_head":"<!-- This site is optimized with the Yoast SEO plugin v27.3 - https:\/\/yoast.com\/product\/yoast-seo-wordpress\/ -->\n<title>Budownictwo przemys\u0142owe LP &#8226; GT Construction<\/title>\n<meta name=\"description\" content=\"Jako generalny wykonawca obiekt\u00f3w przemys\u0142owych, dzia\u0142amy w my\u015bl zasady - zbudowane dla firmy przez firm\u0119. Doskonale znamy zapotrzebowania i wymogi przedsi\u0119biorc\u00f3w przemys\u0142owych, dlatego jeste\u015bmy w stanie sprosta\u0107 nawet najbardziej wymagaj\u0105cym klientom.\" \/>\n<meta name=\"robots\" content=\"index, follow, max-snippet:-1, max-image-preview:large, max-video-preview:-1\" \/>\n<link rel=\"canonical\" href=\"https:\/\/gt-c.pl\/gtc2021\/oferta\/budownictwo-przemyslowe\/\" \/>\n<meta property=\"og:locale\" content=\"pl_PL\" \/>\n<meta property=\"og:type\" content=\"article\" \/>\n<meta property=\"og:title\" content=\"Budownictwo przemys\u0142owe LP &#8226; GT Construction\" \/>\n<meta property=\"og:description\" content=\"Jako generalny wykonawca obiekt\u00f3w przemys\u0142owych, dzia\u0142amy w my\u015bl zasady - zbudowane dla firmy przez firm\u0119. Doskonale znamy zapotrzebowania i wymogi przedsi\u0119biorc\u00f3w przemys\u0142owych, dlatego jeste\u015bmy w stanie sprosta\u0107 nawet najbardziej wymagaj\u0105cym klientom.\" \/>\n<meta property=\"og:url\" content=\"https:\/\/gt-c.pl\/gtc2021\/oferta\/budownictwo-przemyslowe\/\" \/>\n<meta property=\"og:site_name\" content=\"GT Construction\" \/>\n<meta property=\"article:publisher\" content=\"https:\/\/www.facebook.com\/gtconstruction.krakow\" \/>\n<meta property=\"article:modified_time\" content=\"2024-08-23T09:45:20+00:00\" \/>\n<meta name=\"twitter:card\" content=\"summary_large_image\" \/>\n<script type=\"application\/ld+json\" class=\"yoast-schema-graph\">{\"@context\":\"https:\\\/\\\/schema.org\",\"@graph\":[{\"@type\":\"WebPage\",\"@id\":\"https:\\\/\\\/gt-c.pl\\\/gtc2021\\\/oferta\\\/budownictwo-przemyslowe\\\/\",\"url\":\"https:\\\/\\\/gt-c.pl\\\/gtc2021\\\/oferta\\\/budownictwo-przemyslowe\\\/\",\"name\":\"Budownictwo przemys\u0142owe LP &#8226; GT Construction\",\"isPartOf\":{\"@id\":\"https:\\\/\\\/gt-c.pl\\\/gtc2021\\\/#website\"},\"datePublished\":\"2023-03-04T00:53:51+00:00\",\"dateModified\":\"2024-08-23T09:45:20+00:00\",\"description\":\"Jako generalny wykonawca obiekt\u00f3w przemys\u0142owych, dzia\u0142amy w my\u015bl zasady - zbudowane dla firmy przez firm\u0119. Doskonale znamy zapotrzebowania i wymogi przedsi\u0119biorc\u00f3w przemys\u0142owych, dlatego jeste\u015bmy w stanie sprosta\u0107 nawet najbardziej wymagaj\u0105cym klientom.\",\"breadcrumb\":{\"@id\":\"https:\\\/\\\/gt-c.pl\\\/gtc2021\\\/oferta\\\/budownictwo-przemyslowe\\\/#breadcrumb\"},\"inLanguage\":\"pl-PL\",\"potentialAction\":[{\"@type\":\"ReadAction\",\"target\":[\"https:\\\/\\\/gt-c.pl\\\/gtc2021\\\/oferta\\\/budownictwo-przemyslowe\\\/\"]}]},{\"@type\":\"BreadcrumbList\",\"@id\":\"https:\\\/\\\/gt-c.pl\\\/gtc2021\\\/oferta\\\/budownictwo-przemyslowe\\\/#breadcrumb\",\"itemListElement\":[{\"@type\":\"ListItem\",\"position\":1,\"name\":\"Strona g\u0142\u00f3wna\",\"item\":\"https:\\\/\\\/gt-c.pl\\\/gtc2021\\\/\"},{\"@type\":\"ListItem\",\"position\":2,\"name\":\"Oferta\",\"item\":\"https:\\\/\\\/gt-c.pl\\\/gtc2021\\\/oferta\\\/\"},{\"@type\":\"ListItem\",\"position\":3,\"name\":\"Budownictwo przemys\u0142owe LP\"}]},{\"@type\":\"WebSite\",\"@id\":\"https:\\\/\\\/gt-c.pl\\\/gtc2021\\\/#website\",\"url\":\"https:\\\/\\\/gt-c.pl\\\/gtc2021\\\/\",\"name\":\"GT Construction\",\"description\":\"Wiarygodni w budownictwie.\",\"publisher\":{\"@id\":\"https:\\\/\\\/gt-c.pl\\\/gtc2021\\\/#organization\"},\"potentialAction\":[{\"@type\":\"SearchAction\",\"target\":{\"@type\":\"EntryPoint\",\"urlTemplate\":\"https:\\\/\\\/gt-c.pl\\\/gtc2021\\\/?s={search_term_string}\"},\"query-input\":{\"@type\":\"PropertyValueSpecification\",\"valueRequired\":true,\"valueName\":\"search_term_string\"}}],\"inLanguage\":\"pl-PL\"},{\"@type\":\"Organization\",\"@id\":\"https:\\\/\\\/gt-c.pl\\\/gtc2021\\\/#organization\",\"name\":\"GT Construction\",\"url\":\"https:\\\/\\\/gt-c.pl\\\/gtc2021\\\/\",\"logo\":{\"@type\":\"ImageObject\",\"inLanguage\":\"pl-PL\",\"@id\":\"https:\\\/\\\/gt-c.pl\\\/gtc2021\\\/#\\\/schema\\\/logo\\\/image\\\/\",\"url\":\"https:\\\/\\\/gt-c.pl\\\/gtc2021\\\/gtc2021\\\/wp-content\\\/uploads\\\/2021\\\/12\\\/gt-c-logo-poziom-color.jpg\",\"contentUrl\":\"https:\\\/\\\/gt-c.pl\\\/gtc2021\\\/gtc2021\\\/wp-content\\\/uploads\\\/2021\\\/12\\\/gt-c-logo-poziom-color.jpg\",\"width\":1000,\"height\":443,\"caption\":\"GT Construction\"},\"image\":{\"@id\":\"https:\\\/\\\/gt-c.pl\\\/gtc2021\\\/#\\\/schema\\\/logo\\\/image\\\/\"},\"sameAs\":[\"https:\\\/\\\/www.facebook.com\\\/gtconstruction.krakow\",\"https:\\\/\\\/pl.linkedin.com\\\/company\\\/gtconstruction-krakow\",\"https:\\\/\\\/www.youtube.com\\\/channel\\\/UCxS_1qDsh5wdXMgVdm5BiUA\"]}]}<\/script>\n<!-- \/ Yoast SEO plugin. -->","yoast_head_json":{"title":"Budownictwo przemys\u0142owe LP &#8226; GT Construction","description":"Jako generalny wykonawca obiekt\u00f3w przemys\u0142owych, dzia\u0142amy w my\u015bl zasady - zbudowane dla firmy przez firm\u0119. Doskonale znamy zapotrzebowania i wymogi przedsi\u0119biorc\u00f3w przemys\u0142owych, dlatego jeste\u015bmy w stanie sprosta\u0107 nawet najbardziej wymagaj\u0105cym klientom.","robots":{"index":"index","follow":"follow","max-snippet":"max-snippet:-1","max-image-preview":"max-image-preview:large","max-video-preview":"max-video-preview:-1"},"canonical":"https:\/\/gt-c.pl\/gtc2021\/oferta\/budownictwo-przemyslowe\/","og_locale":"pl_PL","og_type":"article","og_title":"Budownictwo przemys\u0142owe LP &#8226; GT Construction","og_description":"Jako generalny wykonawca obiekt\u00f3w przemys\u0142owych, dzia\u0142amy w my\u015bl zasady - zbudowane dla firmy przez firm\u0119. Doskonale znamy zapotrzebowania i wymogi przedsi\u0119biorc\u00f3w przemys\u0142owych, dlatego jeste\u015bmy w stanie sprosta\u0107 nawet najbardziej wymagaj\u0105cym klientom.","og_url":"https:\/\/gt-c.pl\/gtc2021\/oferta\/budownictwo-przemyslowe\/","og_site_name":"GT Construction","article_publisher":"https:\/\/www.facebook.com\/gtconstruction.krakow","article_modified_time":"2024-08-23T09:45:20+00:00","twitter_card":"summary_large_image","schema":{"@context":"https:\/\/schema.org","@graph":[{"@type":"WebPage","@id":"https:\/\/gt-c.pl\/gtc2021\/oferta\/budownictwo-przemyslowe\/","url":"https:\/\/gt-c.pl\/gtc2021\/oferta\/budownictwo-przemyslowe\/","name":"Budownictwo przemys\u0142owe LP &#8226; GT Construction","isPartOf":{"@id":"https:\/\/gt-c.pl\/gtc2021\/#website"},"datePublished":"2023-03-04T00:53:51+00:00","dateModified":"2024-08-23T09:45:20+00:00","description":"Jako generalny wykonawca obiekt\u00f3w przemys\u0142owych, dzia\u0142amy w my\u015bl zasady - zbudowane dla firmy przez firm\u0119. Doskonale znamy zapotrzebowania i wymogi przedsi\u0119biorc\u00f3w przemys\u0142owych, dlatego jeste\u015bmy w stanie sprosta\u0107 nawet najbardziej wymagaj\u0105cym klientom.","breadcrumb":{"@id":"https:\/\/gt-c.pl\/gtc2021\/oferta\/budownictwo-przemyslowe\/#breadcrumb"},"inLanguage":"pl-PL","potentialAction":[{"@type":"ReadAction","target":["https:\/\/gt-c.pl\/gtc2021\/oferta\/budownictwo-przemyslowe\/"]}]},{"@type":"BreadcrumbList","@id":"https:\/\/gt-c.pl\/gtc2021\/oferta\/budownictwo-przemyslowe\/#breadcrumb","itemListElement":[{"@type":"ListItem","position":1,"name":"Strona g\u0142\u00f3wna","item":"https:\/\/gt-c.pl\/gtc2021\/"},{"@type":"ListItem","position":2,"name":"Oferta","item":"https:\/\/gt-c.pl\/gtc2021\/oferta\/"},{"@type":"ListItem","position":3,"name":"Budownictwo przemys\u0142owe LP"}]},{"@type":"WebSite","@id":"https:\/\/gt-c.pl\/gtc2021\/#website","url":"https:\/\/gt-c.pl\/gtc2021\/","name":"GT Construction","description":"Wiarygodni w budownictwie.","publisher":{"@id":"https:\/\/gt-c.pl\/gtc2021\/#organization"},"potentialAction":[{"@type":"SearchAction","target":{"@type":"EntryPoint","urlTemplate":"https:\/\/gt-c.pl\/gtc2021\/?s={search_term_string}"},"query-input":{"@type":"PropertyValueSpecification","valueRequired":true,"valueName":"search_term_string"}}],"inLanguage":"pl-PL"},{"@type":"Organization","@id":"https:\/\/gt-c.pl\/gtc2021\/#organization","name":"GT Construction","url":"https:\/\/gt-c.pl\/gtc2021\/","logo":{"@type":"ImageObject","inLanguage":"pl-PL","@id":"https:\/\/gt-c.pl\/gtc2021\/#\/schema\/logo\/image\/","url":"https:\/\/gt-c.pl\/gtc2021\/gtc2021\/wp-content\/uploads\/2021\/12\/gt-c-logo-poziom-color.jpg","contentUrl":"https:\/\/gt-c.pl\/gtc2021\/gtc2021\/wp-content\/uploads\/2021\/12\/gt-c-logo-poziom-color.jpg","width":1000,"height":443,"caption":"GT Construction"},"image":{"@id":"https:\/\/gt-c.pl\/gtc2021\/#\/schema\/logo\/image\/"},"sameAs":["https:\/\/www.facebook.com\/gtconstruction.krakow","https:\/\/pl.linkedin.com\/company\/gtconstruction-krakow","https:\/\/www.youtube.com\/channel\/UCxS_1qDsh5wdXMgVdm5BiUA"]}]}},"_links":{"self":[{"href":"https:\/\/gt-c.pl\/gtc2021\/wp-json\/wp\/v2\/pages\/572","targetHints":{"allow":["GET"]}}],"collection":[{"href":"https:\/\/gt-c.pl\/gtc2021\/wp-json\/wp\/v2\/pages"}],"about":[{"href":"https:\/\/gt-c.pl\/gtc2021\/wp-json\/wp\/v2\/types\/page"}],"author":[{"embeddable":true,"href":"https:\/\/gt-c.pl\/gtc2021\/wp-json\/wp\/v2\/users\/1"}],"replies":[{"embeddable":true,"href":"https:\/\/gt-c.pl\/gtc2021\/wp-json\/wp\/v2\/comments?post=572"}],"version-history":[{"count":11,"href":"https:\/\/gt-c.pl\/gtc2021\/wp-json\/wp\/v2\/pages\/572\/revisions"}],"predecessor-version":[{"id":915,"href":"https:\/\/gt-c.pl\/gtc2021\/wp-json\/wp\/v2\/pages\/572\/revisions\/915"}],"up":[{"embeddable":true,"href":"https:\/\/gt-c.pl\/gtc2021\/wp-json\/wp\/v2\/pages\/12"}],"wp:attachment":[{"href":"https:\/\/gt-c.pl\/gtc2021\/wp-json\/wp\/v2\/media?parent=572"}],"curies":[{"name":"wp","href":"https:\/\/api.w.org\/{rel}","templated":true}]}}